{"id":2099,"date":"2026-04-15T08:57:50","date_gmt":"2026-04-15T06:57:50","guid":{"rendered":"https:\/\/www.camping-bellavista.it\/privacy-policy\/"},"modified":"2026-04-15T10:09:33","modified_gmt":"2026-04-15T08:09:33","slug":"privacy-policy","status":"publish","type":"page","link":"https:\/\/www.camping-bellavista.it\/de\/privacy-policy\/","title":{"rendered":"Privacy Policy"},"content":{"rendered":"<p>[et_pb_section fb_built=&#8220;1&#8243; admin_label=&#8220;Header&#8220; _builder_version=&#8220;4.16&#8243; use_background_color_gradient=&#8220;on&#8220; background_color_gradient_type=&#8220;circular&#8220; background_color_gradient_direction_radial=&#8220;top left&#8220; background_color_gradient_stops=&#8220;rgba(255,255,255,0.89) 30%|rgba(255,255,255,0) 80%&#8220; background_color_gradient_overlays_image=&#8220;on&#8220; background_color_gradient_start=&#8220;rgba(255,255,255,0.89)&#8220; background_color_gradient_start_position=&#8220;30%&#8220; background_color_gradient_end=&#8220;rgba(255,255,255,0)&#8220; background_color_gradient_end_position=&#8220;80%&#8220; background_image=&#8220;https:\/\/www.camping-bellavista.it\/wp-content\/uploads\/2019\/03\/081.jpg&#8220; custom_padding=&#8220;8vw|0px|0|0px|false|false&#8220; locked=&#8220;off&#8220; global_colors_info=&#8220;{}&#8220;][et_pb_row _builder_version=&#8220;4.16&#8243; global_colors_info=&#8220;{}&#8220;][et_pb_column type=&#8220;4_4&#8243; _builder_version=&#8220;4.16&#8243; custom_padding=&#8220;|||&#8220; global_colors_info=&#8220;{}&#8220; custom_padding__hover=&#8220;|||&#8220;][et_pb_text _builder_version=&#8220;4.27.5&#8243; header_font=&#8220;Raleway|700|||||||&#8220; header_font_size=&#8220;80px&#8220; header_line_height=&#8220;1.2em&#8220; header_5_font=&#8220;Raleway|700||on|||||&#8220; header_5_text_color=&#8220;#000000&#8243; header_5_font_size=&#8220;20px&#8220; header_5_letter_spacing=&#8220;0.5em&#8220; header_5_line_height=&#8220;1.8em&#8220; animation_style=&#8220;zoom&#8220; animation_intensity_zoom=&#8220;5%&#8220; header_font_size_tablet=&#8220;48px&#8220; header_font_size_phone=&#8220;32px&#8220; header_font_size_last_edited=&#8220;on|phone&#8220; header_5_font_size_tablet=&#8220;14px&#8220; header_5_font_size_phone=&#8220;12px&#8220; header_5_font_size_last_edited=&#8220;on|desktop&#8220; global_colors_info=&#8220;{}&#8220;]<\/p>\n<h1>Privacy Policy<\/h1>\n<p>[\/et_pb_text][\/et_pb_column][\/et_pb_row][et_pb_row column_structure=&#8220;1_4,1_4,1_4,1_4&#8243; use_custom_gutter=&#8220;on&#8220; make_equal=&#8220;on&#8220; custom_padding_last_edited=&#8220;on|desktop&#8220; disabled_on=&#8220;on|on|on&#8220; _builder_version=&#8220;4.16&#8243; background_color=&#8220;#ffffff&#8220; width=&#8220;90%&#8220; max_width=&#8220;90%&#8220; module_alignment=&#8220;left&#8220; custom_margin=&#8220;8vw||||false&#8220; custom_padding=&#8220;0|0px|0px|15vw|false|false&#8220; custom_padding_tablet=&#8220;|||10vw&#8220; custom_padding_phone=&#8220;&#8220; animation_style=&#8220;slide&#8220; animation_direction=&#8220;left&#8220; animation_intensity_slide=&#8220;5%&#8220; use_custom_width=&#8220;on&#8220; width_unit=&#8220;off&#8220; custom_width_percent=&#8220;90%&#8220; disabled=&#8220;on&#8220; locked=&#8220;off&#8220; global_colors_info=&#8220;{}&#8220;][et_pb_column type=&#8220;1_4&#8243; _builder_version=&#8220;4.16&#8243; custom_padding=&#8220;74px|||&#8220; custom_padding_tablet=&#8220;40px|||&#8220; custom_padding_phone=&#8220;20px|||&#8220; custom_padding_last_edited=&#8220;off|desktop&#8220; global_colors_info=&#8220;{}&#8220; custom_padding__hover=&#8220;|||&#8220;][et_pb_blurb title=&#8220;Via Gardesana, 31, 38062 Localit\u00e0 Linfano, Arco TN&#8220; use_icon=&#8220;on&#8220; font_icon=&#8220;&#xe081;||divi||400&#8243; icon_color=&#8220;#c3cfd6&#8243; icon_placement=&#8220;left&#8220; image_icon_width=&#8220;24px&#8220; _builder_version=&#8220;4.16&#8243; header_level=&#8220;h5&#8243; header_font=&#8220;Raleway|700|||||||&#8220; header_line_height=&#8220;1.4em&#8220; icon_font_size=&#8220;24px&#8220; locked=&#8220;off&#8220; global_colors_info=&#8220;{}&#8220;][\/et_pb_blurb][\/et_pb_column][et_pb_column type=&#8220;1_4&#8243; _builder_version=&#8220;4.16&#8243; custom_padding=&#8220;74px|||&#8220; custom_padding_tablet=&#8220;40px|||&#8220; custom_padding_phone=&#8220;20px|||&#8220; custom_padding_last_edited=&#8220;off|desktop&#8220; global_colors_info=&#8220;{}&#8220; custom_padding__hover=&#8220;|||&#8220;][et_pb_blurb title=&#8220;+39 0464 505644&#8243; use_icon=&#8220;on&#8220; font_icon=&#8220;&#xe090;||divi||400&#8243; icon_color=&#8220;#c3cfd6&#8243; icon_placement=&#8220;left&#8220; image_icon_width=&#8220;24px&#8220; _builder_version=&#8220;4.16&#8243; header_level=&#8220;h5&#8243; header_font=&#8220;Raleway|700|||||||&#8220; header_line_height=&#8220;1.4em&#8220; icon_font_size=&#8220;24px&#8220; locked=&#8220;off&#8220; global_colors_info=&#8220;{}&#8220;][\/et_pb_blurb][\/et_pb_column][et_pb_column type=&#8220;1_4&#8243; _builder_version=&#8220;4.16&#8243; custom_padding=&#8220;74px|||&#8220; custom_padding_tablet=&#8220;40px|||&#8220; custom_padding_phone=&#8220;20px|||&#8220; custom_padding_last_edited=&#8220;off|desktop&#8220; global_colors_info=&#8220;{}&#8220; custom_padding__hover=&#8220;|||&#8220;][et_pb_blurb title=&#8220;info@camping-bellavista.it&#8220; use_icon=&#8220;on&#8220; font_icon=&#8220;&#xe076;||divi||400&#8243; icon_color=&#8220;#c3cfd6&#8243; icon_placement=&#8220;left&#8220; image_icon_width=&#8220;24px&#8220; _builder_version=&#8220;4.16&#8243; header_level=&#8220;h5&#8243; header_font=&#8220;Raleway|700|||||||&#8220; header_line_height=&#8220;1.4em&#8220; icon_font_size=&#8220;24px&#8220; locked=&#8220;off&#8220; global_colors_info=&#8220;{}&#8220;][\/et_pb_blurb][\/et_pb_column][et_pb_column type=&#8220;1_4&#8243; _builder_version=&#8220;4.16&#8243; background_color=&#8220;#b2b9c4&#8243; custom_padding=&#8220;|||&#8220; custom_padding_tablet=&#8220;20px||20px||true&#8220; custom_padding_last_edited=&#8220;off|desktop&#8220; global_colors_info=&#8220;{}&#8220; custom_padding__hover=&#8220;|||&#8220;][et_pb_button button_text=&#8220;Richiesta&#8220; button_alignment=&#8220;center&#8220; _builder_version=&#8220;4.16&#8243; custom_button=&#8220;on&#8220; button_text_color=&#8220;#ffffff&#8220; button_bg_color=&#8220;#b2b9c4&#8243; button_border_width=&#8220;10px&#8220; button_border_color=&#8220;rgba(0,0,0,0)&#8220; button_border_radius=&#8220;0px&#8220; button_font=&#8220;Raleway|700|||||||&#8220; custom_padding=&#8220;60px||60px||true&#8220; locked=&#8220;off&#8220; global_colors_info=&#8220;{}&#8220; button_text_size__hover_enabled=&#8220;off&#8220; button_text_size__hover=&#8220;null&#8220; button_one_text_size__hover_enabled=&#8220;off&#8220; button_one_text_size__hover=&#8220;null&#8220; button_two_text_size__hover_enabled=&#8220;off&#8220; button_two_text_size__hover=&#8220;null&#8220; button_text_color__hover_enabled=&#8220;off&#8220; button_text_color__hover=&#8220;null&#8220; button_one_text_color__hover_enabled=&#8220;off&#8220; button_one_text_color__hover=&#8220;null&#8220; button_two_text_color__hover_enabled=&#8220;off&#8220; button_two_text_color__hover=&#8220;null&#8220; button_border_width__hover_enabled=&#8220;off&#8220; button_border_width__hover=&#8220;null&#8220; button_one_border_width__hover_enabled=&#8220;off&#8220; button_one_border_width__hover=&#8220;null&#8220; button_two_border_width__hover_enabled=&#8220;off&#8220; button_two_border_width__hover=&#8220;null&#8220; button_border_color__hover_enabled=&#8220;off&#8220; button_border_color__hover=&#8220;null&#8220; button_one_border_color__hover_enabled=&#8220;off&#8220; button_one_border_color__hover=&#8220;null&#8220; button_two_border_color__hover_enabled=&#8220;off&#8220; button_two_border_color__hover=&#8220;null&#8220; button_border_radius__hover_enabled=&#8220;on&#8220; button_border_radius__hover=&#8220;0px&#8220; button_one_border_radius__hover_enabled=&#8220;off&#8220; button_one_border_radius__hover=&#8220;null&#8220; button_two_border_radius__hover_enabled=&#8220;off&#8220; button_two_border_radius__hover=&#8220;null&#8220; button_letter_spacing__hover_enabled=&#8220;off&#8220; button_letter_spacing__hover=&#8220;null&#8220; button_one_letter_spacing__hover_enabled=&#8220;off&#8220; button_one_letter_spacing__hover=&#8220;null&#8220; button_two_letter_spacing__hover_enabled=&#8220;off&#8220; button_two_letter_spacing__hover=&#8220;null&#8220; button_bg_color__hover_enabled=&#8220;off&#8220; button_bg_color__hover=&#8220;null&#8220; button_one_bg_color__hover_enabled=&#8220;off&#8220; button_one_bg_color__hover=&#8220;null&#8220; button_two_bg_color__hover_enabled=&#8220;off&#8220; button_two_bg_color__hover=&#8220;null&#8220;][\/et_pb_button][\/et_pb_column][\/et_pb_row][\/et_pb_section][et_pb_section fb_built=&#8220;1&#8243; admin_label=&#8220;Webcam&#8220; _builder_version=&#8220;4.16&#8243; _module_preset=&#8220;default&#8220; global_colors_info=&#8220;{}&#8220;][et_pb_row _builder_version=&#8220;4.16&#8243; _module_preset=&#8220;default&#8220; global_colors_info=&#8220;{}&#8220;][et_pb_column type=&#8220;4_4&#8243; _builder_version=&#8220;4.16&#8243; _module_preset=&#8220;default&#8220; global_colors_info=&#8220;{}&#8220;][et_pb_text _builder_version=&#8220;4.27.5&#8243; _module_preset=&#8220;default&#8220; hover_enabled=&#8220;0&#8243; global_colors_info=&#8220;{}&#8220; sticky_enabled=&#8220;0&#8243; admin_label=&#8220;Testo DE&#8220;]<\/p>\n<h2>KONTAKTDATEN DES VERANTWORTLICHEN<\/h2>\n<p>\n  Nach dem Besuch dieser Website k\u00f6nnen personenbezogene Daten von identifizierten oder identifizierbaren Personen<br \/>\n  verarbeitet werden. Verantwortlicher f\u00fcr die Datenverarbeitung ist CAMPING BELLAVISTA di Mandelli Francesco &amp; C sas,<br \/>\n  Via Gardesana, 31, 38062 Arco (TN), Italien, MwSt.-Nr. 01414640225,<br \/>\n  E-Mail: <a href=\"mailto:info@camping-bellavista.it\">info@camping-bellavista.it<\/a>.\n<\/p>\n<h2>ZWECK DER DATENVERARBEITUNG<\/h2>\n<p>\n  Die mit der Nutzung dieser Website verbundenen Datenverarbeitungen erfolgen, um die Inhalte der Website bereitzustellen,<br \/>\n  deren ordnungsgem\u00e4\u00dfe Funktion zu gew\u00e4hrleisten und die Nutzung der vom Nutzer angeforderten Dienste zu erm\u00f6glichen.\n<\/p>\n<h2>RECHTSGRUNDLAGE DER VERARBEITUNG<\/h2>\n<p>\n  Die Verarbeitung personenbezogener Daten erfolgt auf Grundlage des berechtigten Interesses des Verantwortlichen gem\u00e4\u00df<br \/>\n  Art. 6 Abs. 1 lit. f DSGVO, um die ordnungsgem\u00e4\u00dfe Funktion der Website, die Sicherheit der Nutzung sowie die Speicherung<br \/>\n  technischer Pr\u00e4ferenzen des Nutzers, wie beispielsweise die gew\u00e4hlte Sprache, zu gew\u00e4hrleisten.\n<\/p>\n<h2>ART UND WEISE DER VERARBEITUNG<\/h2>\n<p>\n  Die personenbezogenen Daten werden mit automatisierten Verfahren und nur f\u00fcr den Zeitraum verarbeitet, der zur<br \/>\n  Erreichung der Zwecke erforderlich ist, f\u00fcr die sie erhoben wurden. Es werden geeignete Sicherheitsma\u00dfnahmen getroffen,<br \/>\n  um Datenverlust, unrechtm\u00e4\u00dfige oder unkorrekte Nutzung sowie unbefugten Zugriff zu verhindern.\n<\/p>\n<h2>NAVIGATIONSDATEN<\/h2>\n<p>\n  Die f\u00fcr den Betrieb dieser Website eingesetzten IT-Systeme und Softwareverfahren erfassen im Rahmen ihres normalen<br \/>\n  Betriebs einige personenbezogene Daten, deren \u00dcbertragung bei der Nutzung von Internet-Kommunikationsprotokollen<br \/>\n  implizit ist. Dabei handelt es sich um Informationen, die nicht erhoben werden, um bestimmten Personen zugeordnet zu<br \/>\n  werden, die jedoch aufgrund ihrer Natur durch Verkn\u00fcpfung mit Daten Dritter eine Identifizierung erm\u00f6glichen k\u00f6nnten.\n<\/p>\n<p>\n  Zu diesen Daten geh\u00f6ren beispielsweise IP-Adressen oder Domainnamen der Computer der Nutzer, die auf die Website<br \/>\n  zugreifen, die URI-Adressen (Uniform Resource Identifier) der angeforderten Ressourcen, der Zeitpunkt der Anfrage,<br \/>\n  die verwendete Methode zur \u00dcbermittlung der Anfrage an den Server, die Gr\u00f6\u00dfe der erhaltenen Datei, der numerische<br \/>\n  Statuscode der Serverantwort (erfolgreich, Fehler usw.) sowie weitere Parameter in Bezug auf das Betriebssystem und<br \/>\n  die IT-Umgebung des Nutzers.\n<\/p>\n<p>\n  Diese Daten werden ausschlie\u00dflich verwendet, um anonymisierte statistische Informationen \u00fcber die Nutzung der Website<br \/>\n  zu gewinnen, deren ordnungsgem\u00e4\u00dfen Betrieb zu kontrollieren und die Sicherheit zu gew\u00e4hrleisten.\n<\/p>\n<h2>VOM NUTZER FREIWILLIG BEREITGESTELLTE DATEN<\/h2>\n<p>\n  Die freiwillige, ausdr\u00fcckliche und eigenst\u00e4ndige Versendung von E-Mails an die auf dieser Website angegebenen Adressen<br \/>\n  f\u00fchrt zur anschlie\u00dfenden Erhebung der Kontaktdaten des Absenders sowie aller weiteren in der Nachricht enthaltenen<br \/>\n  personenbezogenen Daten, ausschlie\u00dflich zum Zweck der Bearbeitung der Anfrage.\n<\/p>\n<p>\n  Spezifische Datenschutzhinweise k\u00f6nnen auf den Seiten bereitgestellt werden, die f\u00fcr bestimmte vom Nutzer angeforderte<br \/>\n  Dienste vorgesehen sind.\n<\/p>\n<h2>COOKIES<\/h2>\n<p>\n  Diese Website verwendet ausschlie\u00dflich technisch notwendige Cookies, die f\u00fcr das ordnungsgem\u00e4\u00dfe Funktionieren der<br \/>\n  Website und zur Speicherung von Nutzereinstellungen, wie beispielsweise der Sprache, erforderlich sind. Es werden<br \/>\n  keine Profiling-Cookies oder andere Tracking-Tools eingesetzt.\n<\/p>\n<p>\n  Weitere Informationen finden Sie in der Cookie-Richtlinie der Website.\n<\/p>\n<h2>ART DER BEREITSTELLUNG DER DATEN<\/h2>\n<p>\n  Die Bereitstellung von Navigationsdaten ist erforderlich, um die technische Funktion der Website zu gew\u00e4hrleisten.<br \/>\n  Die \u00dcbermittlung von Daten im Rahmen von Anfragen an die angegebenen Kontaktadressen erfolgt freiwillig; eine<br \/>\n  Nichtbereitstellung kann jedoch dazu f\u00fchren, dass die Anfrage nicht bearbeitet werden kann.\n<\/p>\n<h2>EMPF\u00c4NGER DER DATEN<\/h2>\n<p>\n  Die personenbezogenen Daten werden nicht ver\u00f6ffentlicht. Sie k\u00f6nnen von Dritten verarbeitet werden, die technische<br \/>\n  Dienstleistungen f\u00fcr den Betrieb der Website oder die Bereitstellung der angeforderten Dienste erbringen und, sofern<br \/>\n  erforderlich, als Auftragsverarbeiter gem\u00e4\u00df Art. 28 DSGVO benannt sind. Eine aktuelle Liste der Auftragsverarbeiter<br \/>\n  kann beim Verantwortlichen angefordert werden.\n<\/p>\n<h2>DATEN\u00dcBERMITTLUNG IN DRITTL\u00c4NDER<\/h2>\n<p>\n  Die \u00fcber diese Website erhobenen Daten werden nicht in L\u00e4nder au\u00dferhalb der Europ\u00e4ischen Union \u00fcbermittelt.\n<\/p>\n<h2>SPEICHERDAUER<\/h2>\n<p>\n  Die personenbezogenen Daten werden nur so lange gespeichert, wie es f\u00fcr die Erreichung der Zwecke, f\u00fcr die sie erhoben<br \/>\n  wurden, erforderlich ist, und in jedem Fall nicht l\u00e4nger als zur Erf\u00fcllung gesetzlicher Verpflichtungen sowie zur<br \/>\n  Gew\u00e4hrleistung der Sicherheit und des ordnungsgem\u00e4\u00dfen Betriebs der Website notwendig.\n<\/p>\n<h2>RECHTE DER BETROFFENEN PERSON<\/h2>\n<p>\n  Betroffene Personen haben das Recht, in den vorgesehenen F\u00e4llen Zugang zu ihren personenbezogenen Daten zu erhalten<br \/>\n  sowie deren Berichtigung oder L\u00f6schung oder die Einschr\u00e4nkung der Verarbeitung zu verlangen oder der Verarbeitung zu<br \/>\n  widersprechen. Zudem besteht das Recht auf Daten\u00fcbertragbarkeit gem\u00e4\u00df Art. 15 ff. DSGVO.\n<\/p>\n<p>\n  Entsprechende Anfragen sind an den Verantwortlichen unter folgender E-Mail-Adresse zu richten:<br \/>\n  <a href=\"mailto:info@camping-bellavista.it\">info@camping-bellavista.it<\/a>.\n<\/p>\n<h2>BESCHWERDERECHT<\/h2>\n<p>\n  Betroffene Personen, die der Ansicht sind, dass die Verarbeitung der sie betreffenden personenbezogenen Daten \u00fcber<br \/>\n  diese Website gegen die DSGVO verst\u00f6\u00dft, haben das Recht, bei einer Aufsichtsbeh\u00f6rde Beschwerde einzulegen (Art. 77 DSGVO)<br \/>\n  oder einen gerichtlichen Rechtsbehelf einzulegen (Art. 79 DSGVO).\n<\/p>\n<p>\n  Die Kontaktdaten der zust\u00e4ndigen Aufsichtsbeh\u00f6rden sind auf den jeweiligen offiziellen Websites verf\u00fcgbar.\n<\/p>\n<p>[\/et_pb_text][\/et_pb_column][\/et_pb_row][\/et_pb_section][et_pb_section fb_built=&#8220;1&#8243; admin_label=&#8220;Reservations&#8220; _builder_version=&#8220;4.16&#8243; use_background_color_gradient=&#8220;on&#8220; background_color_gradient_direction=&#8220;150deg&#8220; background_color_gradient_stops=&#8220;#2f3a44 25%|rgba(38,46,53,0) 100%&#8220; background_color_gradient_overlays_image=&#8220;on&#8220; background_color_gradient_start=&#8220;#2f3a44&#8243; background_color_gradient_start_position=&#8220;25%&#8220; background_color_gradient_end=&#8220;rgba(38,46,53,0)&#8220; background_image=&#8220;https:\/\/www.camping-bellavista.it\/wp-content\/uploads\/2019\/03\/bella2.jpg&#8220; custom_padding=&#8220;8vw|0px|8vw|0px|true|false&#8220; global_colors_info=&#8220;{}&#8220;][et_pb_row column_structure=&#8220;1_2,1_2&#8243; use_custom_gutter=&#8220;on&#8220; make_equal=&#8220;on&#8220; _builder_version=&#8220;4.16&#8243; global_colors_info=&#8220;{}&#8220;][et_pb_column type=&#8220;1_2&#8243; _builder_version=&#8220;4.16&#8243; custom_padding=&#8220;|||&#8220; global_colors_info=&#8220;{}&#8220; custom_padding__hover=&#8220;|||&#8220;][et_pb_text _builder_version=&#8220;4.16&#8243; text_font_size=&#8220;16px&#8220; text_line_height=&#8220;2em&#8220; header_2_font=&#8220;Raleway|700|||||||&#8220; header_2_font_size=&#8220;50px&#8220; header_2_line_height=&#8220;1.2em&#8220; header_6_font=&#8220;Raleway|700||on|||||&#8220; header_6_font_size=&#8220;16px&#8220; header_6_letter_spacing=&#8220;5px&#8220; header_6_line_height=&#8220;1.8em&#8220; background_layout=&#8220;dark&#8220; max_width_tablet=&#8220;&#8220; max_width_phone=&#8220;&#8220; max_width_last_edited=&#8220;on|desktop&#8220; header_2_font_size_tablet=&#8220;35px&#8220; header_2_font_size_phone=&#8220;25px&#8220; header_2_font_size_last_edited=&#8220;on|phone&#8220; locked=&#8220;off&#8220; global_colors_info=&#8220;{}&#8220;]<\/p>\n<div class=\"et_pb_module et_pb_text et_pb_text_8 et_pb_bg_layout_dark et_pb_text_align_left\">\n<div class=\"et_pb_text_inner\">\n<h6>Visita il Lago di Garda<\/h6>\n<h2>Ti aspettiamo!<\/h2>\n<p>Vieni a trovarci.<br \/>Ti ricordiamo che <strong>non accettiamo prenotazioni<\/strong><\/p>\n<\/div>\n<\/div>\n<p>[\/et_pb_text][\/et_pb_column][et_pb_column type=&#8220;1_2&#8243; _builder_version=&#8220;4.16&#8243; custom_padding=&#8220;|||&#8220; custom_padding_tablet=&#8220;0px||0px||true&#8220; global_colors_info=&#8220;{}&#8220; custom_padding__hover=&#8220;|||&#8220;][\/et_pb_column][\/et_pb_row][\/et_pb_section]<\/p>\n","protected":false},"excerpt":{"rendered":"<p>Privacy PolicyKONTAKTDATEN DES VERANTWORTLICHEN Nach dem Besuch dieser Website k\u00f6nnen personenbezogene Daten von identifizierten oder identifizierbaren Personen verarbeitet werden. Verantwortlicher f\u00fcr die Datenverarbeitung ist CAMPING BELLAVISTA di Mandelli Francesco &amp; C sas, Via Gardesana, 31, 38062 Arco (TN), Italien, MwSt.-Nr. 01414640225, E-Mail: info@camping-bellavista.it. ZWECK DER DATENVERARBEITUNG Die mit der Nutzung dieser Website verbundenen Datenverarbeitungen erfolgen, [&hellip;]<\/p>\n","protected":false},"author":2,"featured_media":1786,"parent":0,"menu_order":0,"comment_status":"closed","ping_status":"closed","template":"","meta":{"_et_pb_use_builder":"on","_et_pb_old_content":"","_et_gb_content_width":"","ngg_post_thumbnail":0,"footnotes":""},"class_list":["post-2099","page","type-page","status-publish","has-post-thumbnail","hentry"],"_links":{"self":[{"href":"https:\/\/www.camping-bellavista.it\/de\/wp-json\/wp\/v2\/pages\/2099","targetHints":{"allow":["GET"]}}],"collection":[{"href":"https:\/\/www.camping-bellavista.it\/de\/wp-json\/wp\/v2\/pages"}],"about":[{"href":"https:\/\/www.camping-bellavista.it\/de\/wp-json\/wp\/v2\/types\/page"}],"author":[{"embeddable":true,"href":"https:\/\/www.camping-bellavista.it\/de\/wp-json\/wp\/v2\/users\/2"}],"replies":[{"embeddable":true,"href":"https:\/\/www.camping-bellavista.it\/de\/wp-json\/wp\/v2\/comments?post=2099"}],"version-history":[{"count":4,"href":"https:\/\/www.camping-bellavista.it\/de\/wp-json\/wp\/v2\/pages\/2099\/revisions"}],"predecessor-version":[{"id":2105,"href":"https:\/\/www.camping-bellavista.it\/de\/wp-json\/wp\/v2\/pages\/2099\/revisions\/2105"}],"wp:featuredmedia":[{"embeddable":true,"href":"https:\/\/www.camping-bellavista.it\/de\/wp-json\/wp\/v2\/media\/1786"}],"wp:attachment":[{"href":"https:\/\/www.camping-bellavista.it\/de\/wp-json\/wp\/v2\/media?parent=2099"}],"curies":[{"name":"wp","href":"https:\/\/api.w.org\/{rel}","templated":true}]}}