{"id":999,"date":"2020-04-11T09:12:09","date_gmt":"2020-04-11T07:12:09","guid":{"rendered":"https:\/\/www.camping-bellavista.it\/servizi-igenici\/"},"modified":"2021-04-05T12:45:23","modified_gmt":"2021-04-05T10:45:23","slug":"waschraeume","status":"publish","type":"page","link":"https:\/\/www.camping-bellavista.it\/de\/waschraeume\/","title":{"rendered":"Waschr\u00e4ume"},"content":{"rendered":"<p>[et_pb_section fb_built=&#8220;1&#8243; disabled_on=&#8220;on|on|on&#8220; admin_label=&#8220;Header con VIDEO&#8220; _builder_version=&#8220;4.9.2&#8243; use_background_color_gradient=&#8220;on&#8220; background_color_gradient_start=&#8220;rgba(255,255,255,0.89)&#8220; background_color_gradient_end=&#8220;rgba(255,255,255,0)&#8220; background_color_gradient_type=&#8220;radial&#8220; background_color_gradient_direction_radial=&#8220;top left&#8220; background_color_gradient_start_position=&#8220;30%&#8220; background_color_gradient_end_position=&#8220;80%&#8220; background_color_gradient_overlays_image=&#8220;on&#8220; background_image=&#8220;https:\/\/www.camping-bellavista.it\/wp-content\/uploads\/2020\/04\/IMG_2979.jpg&#8220; custom_padding=&#8220;8vw|0px|0|0px|false|false&#8220; custom_css_main_element=&#8220;min-height:100vh&#8220; disabled=&#8220;on&#8220;][et_pb_row _builder_version=&#8220;3.25&#8243;][et_pb_column type=&#8220;4_4&#8243; _builder_version=&#8220;3.25&#8243; custom_padding=&#8220;|||&#8220; custom_padding__hover=&#8220;|||&#8220;][et_pb_text admin_label=&#8220;Titolo DE&#8220; _builder_version=&#8220;4.9.2&#8243; header_font=&#8220;Raleway|700|||||||&#8220; header_font_size=&#8220;80px&#8220; header_line_height=&#8220;1.2em&#8220; header_5_font=&#8220;Raleway|700||on|||||&#8220; header_5_text_color=&#8220;#000000&#8243; header_5_font_size=&#8220;20px&#8220; header_5_letter_spacing=&#8220;0.5em&#8220; header_5_line_height=&#8220;1.8em&#8220; background_color=&#8220;rgba(255,255,255,0.5)&#8220; custom_padding=&#8220;25px|25px|25px|25px|true|true&#8220; animation_style=&#8220;zoom&#8220; animation_intensity_zoom=&#8220;5%&#8220; header_font_size_tablet=&#8220;48px&#8220; header_font_size_phone=&#8220;32px&#8220; header_font_size_last_edited=&#8220;on|phone&#8220; header_5_font_size_tablet=&#8220;14px&#8220; header_5_font_size_phone=&#8220;12px&#8220; header_5_font_size_last_edited=&#8220;on|desktop&#8220;]<\/p>\n<h5>Unsere Leistungen<\/h5>\n<h1>Waschr\u00e4ume u. Toiletten<\/h1>\n<div id=\"simple-translate\">\n<div>\n<div class=\"simple-translate-button isShow\" style=\"background-image: url('moz-extension:\/\/b9438036-dd2c-4ce5-b1c2-362b24d0b88e\/icons\/512.png'); height: 22px; width: 22px; top: 71px; left: 40px;\">&nbsp;<\/div>\n<div class=\"simple-translate-panel \" style=\"width: 300px; height: 200px; top: 0px; left: 0px; font-size: 13px; background-color: #ffffff;\">\n<div class=\"simple-translate-result-wrapper\" style=\"overflow: hidden;\">\n<div class=\"simple-translate-move\" draggable=\"true\">&nbsp;<\/div>\n<div class=\"simple-translate-result-contents\">\n<p class=\"simple-translate-result\" dir=\"auto\" style=\"color: #000000;\">&nbsp;<\/p>\n<p class=\"simple-translate-candidate\" dir=\"auto\" style=\"color: #737373;\">&nbsp;<\/p>\n<\/div>\n<\/div>\n<\/div>\n<\/div>\n<\/div>\n<p>[\/et_pb_text][\/et_pb_column][\/et_pb_row][\/et_pb_section][et_pb_section fb_built=&#8220;1&#8243; admin_label=&#8220;Header con FOTO&#8220; _builder_version=&#8220;4.9.2&#8243; background_color=&#8220;RGBA(0,0,0,0)&#8220; use_background_color_gradient=&#8220;on&#8220; background_color_gradient_start=&#8220;rgba(255,255,255,0.89)&#8220; background_color_gradient_end=&#8220;rgba(255,255,255,0)&#8220; background_color_gradient_type=&#8220;radial&#8220; background_color_gradient_direction_radial=&#8220;top left&#8220; background_color_gradient_start_position=&#8220;30%&#8220; background_color_gradient_end_position=&#8220;80%&#8220; background_color_gradient_overlays_image=&#8220;on&#8220; background_image=&#8220;https:\/\/www.camping-bellavista.it\/wp-content\/uploads\/2020\/04\/IMG_2979.jpg&#8220; custom_padding=&#8220;8vw|0px|0|0px|false|false&#8220;][et_pb_row _builder_version=&#8220;4.9.2&#8243; background_color=&#8220;RGBA(0,0,0,0)&#8220;][et_pb_column type=&#8220;4_4&#8243; _builder_version=&#8220;3.25&#8243; custom_padding=&#8220;|||&#8220; custom_padding__hover=&#8220;|||&#8220;][et_pb_text admin_label=&#8220;Titolo DE&#8220; _builder_version=&#8220;4.9.2&#8243; header_font=&#8220;Raleway|700|||||||&#8220; header_font_size=&#8220;80px&#8220; header_line_height=&#8220;1.2em&#8220; header_5_font=&#8220;Raleway|700||on|||||&#8220; header_5_text_color=&#8220;#000000&#8243; header_5_font_size=&#8220;20px&#8220; header_5_letter_spacing=&#8220;0.5em&#8220; header_5_line_height=&#8220;1.8em&#8220; background_color=&#8220;RGBA(0,0,0,0)&#8220; custom_padding=&#8220;25px|25px|25px|25px|true|true&#8220; animation_style=&#8220;zoom&#8220; animation_intensity_zoom=&#8220;5%&#8220; hover_enabled=&#8220;0&#8243; header_font_size_tablet=&#8220;48px&#8220; header_font_size_phone=&#8220;32px&#8220; header_font_size_last_edited=&#8220;on|phone&#8220; header_5_font_size_tablet=&#8220;14px&#8220; header_5_font_size_phone=&#8220;12px&#8220; header_5_font_size_last_edited=&#8220;on|desktop&#8220; sticky_enabled=&#8220;0&#8243;]<\/p>\n<h5>Unsere Leistungen<\/h5>\n<h1>Waschr\u00e4ume u. Toiletten<\/h1>\n<p>[\/et_pb_text][\/et_pb_column][\/et_pb_row][et_pb_row column_structure=&#8220;1_3,1_3,1_3&#8243; use_custom_gutter=&#8220;on&#8220; make_equal=&#8220;on&#8220; custom_padding_last_edited=&#8220;on|desktop&#8220; disabled_on=&#8220;on|on|on&#8220; admin_label=&#8220;Riga in BLU dedicata SEZIONE con VIDEO o in BLU condivisa HEADER con FOTO a seconda di quella in uso&#8220; _builder_version=&#8220;4.9.2&#8243; background_color=&#8220;#ffffff&#8220; width=&#8220;90%&#8220; max_width=&#8220;90%&#8220; module_alignment=&#8220;left&#8220; custom_margin=&#8220;8vw||||false&#8220; custom_padding=&#8220;0|0px|0px|15vw|false|false&#8220; custom_padding_tablet=&#8220;|||10vw&#8220; custom_padding_phone=&#8220;&#8220; animation_style=&#8220;slide&#8220; animation_direction=&#8220;left&#8220; animation_intensity_slide=&#8220;5%&#8220; use_custom_width=&#8220;on&#8220; width_unit=&#8220;off&#8220; custom_width_percent=&#8220;90%&#8220; disabled=&#8220;on&#8220; locked=&#8220;off&#8220;][et_pb_column type=&#8220;1_3&#8243; _builder_version=&#8220;3.25&#8243; custom_padding=&#8220;74px|||&#8220; custom_padding_tablet=&#8220;40px|||&#8220; custom_padding_phone=&#8220;20px|||&#8220; custom_padding_last_edited=&#8220;off|desktop&#8220; custom_padding__hover=&#8220;|||&#8220;][et_pb_blurb title=&#8220;dalle 8.00 alle 22.00&#8243; use_icon=&#8220;on&#8220; font_icon=&#8220;%%373%%&#8220; icon_color=&#8220;#c3cfd6&#8243; icon_placement=&#8220;left&#8220; use_icon_font_size=&#8220;on&#8220; icon_font_size=&#8220;24px&#8220; _builder_version=&#8220;3.20.2&#8243; header_level=&#8220;h5&#8243; header_font=&#8220;Raleway|700|||||||&#8220; header_line_height=&#8220;1.4em&#8220;]<br \/>\n[\/et_pb_blurb][\/et_pb_column][et_pb_column type=&#8220;1_3&#8243; _builder_version=&#8220;3.25&#8243; custom_padding=&#8220;74px|||&#8220; custom_padding_tablet=&#8220;40px|||&#8220; custom_padding_phone=&#8220;20px|||&#8220; custom_padding_last_edited=&#8220;off|desktop&#8220; custom_padding__hover=&#8220;|||&#8220;][et_pb_blurb title=&#8220;All&#8217;ingresso del campeggio&#8220; use_icon=&#8220;on&#8220; font_icon=&#8220;%%236%%&#8220; icon_color=&#8220;#c3cfd6&#8243; icon_placement=&#8220;left&#8220; use_icon_font_size=&#8220;on&#8220; icon_font_size=&#8220;24px&#8220; _builder_version=&#8220;3.20.2&#8243; header_level=&#8220;h5&#8243; header_font=&#8220;Raleway|700|||||||&#8220; header_line_height=&#8220;1.4em&#8220;]<br \/>\n[\/et_pb_blurb][\/et_pb_column][et_pb_column type=&#8220;1_3&#8243; _builder_version=&#8220;3.25&#8243; background_color=&#8220;#b2b9c4&#8243; custom_padding=&#8220;|||&#8220; custom_padding_tablet=&#8220;40px|||&#8220; custom_padding_phone=&#8220;20px|||&#8220; custom_padding_last_edited=&#8220;off|desktop&#8220; custom_padding__hover=&#8220;|||&#8220;][et_pb_button button_url=&#8220;@ET-DC@eyJkeW5hbWljIjp0cnVlLCJjb250ZW50IjoicG9zdF9saW5rX3VybF9wYWdlIiwic2V0dGluZ3MiOnsicG9zdF9pZCI6IjE0OTkifX0=@&#8220; button_text=&#8220;Kontaktiere uns&#8220; button_alignment=&#8220;center&#8220; admin_label=&#8220;Kontaktiere uns&#8220; _builder_version=&#8220;4.9.2&#8243; _dynamic_attributes=&#8220;button_url&#8220; custom_button=&#8220;on&#8220; button_text_color=&#8220;#ffffff&#8220; button_bg_color=&#8220;#b2b9c4&#8243; button_border_width=&#8220;10px&#8220; button_border_color=&#8220;rgba(0,0,0,0)&#8220; button_border_radius=&#8220;0px&#8220; button_font=&#8220;Raleway|700|||||||&#8220; custom_padding=&#8220;60px||60px||true&#8220; button_border_radius_hover=&#8220;0px&#8220; global_module=&#8220;1343&#8243; button_text_size__hover_enabled=&#8220;off&#8220; button_one_text_size__hover_enabled=&#8220;off&#8220; button_two_text_size__hover_enabled=&#8220;off&#8220; button_text_color__hover_enabled=&#8220;off&#8220; button_one_text_color__hover_enabled=&#8220;off&#8220; button_two_text_color__hover_enabled=&#8220;off&#8220; button_border_width__hover_enabled=&#8220;off&#8220; button_one_border_width__hover_enabled=&#8220;off&#8220; button_two_border_width__hover_enabled=&#8220;off&#8220; button_border_color__hover_enabled=&#8220;off&#8220; button_one_border_color__hover_enabled=&#8220;off&#8220; button_two_border_color__hover_enabled=&#8220;off&#8220; button_border_radius__hover_enabled=&#8220;on&#8220; button_border_radius__hover=&#8220;0px&#8220; button_one_border_radius__hover_enabled=&#8220;off&#8220; button_two_border_radius__hover_enabled=&#8220;off&#8220; button_letter_spacing__hover_enabled=&#8220;off&#8220; button_one_letter_spacing__hover_enabled=&#8220;off&#8220; button_two_letter_spacing__hover_enabled=&#8220;off&#8220; button_bg_color__hover_enabled=&#8220;off&#8220; button_one_bg_color__hover_enabled=&#8220;off&#8220; button_two_bg_color__hover_enabled=&#8220;off&#8220;][\/et_pb_button][\/et_pb_column][\/et_pb_row][\/et_pb_section][et_pb_section fb_built=&#8220;1&#8243; admin_label=&#8220;Contenuti&#8220; _builder_version=&#8220;3.22&#8243;][et_pb_row column_structure=&#8220;3_5,2_5&#8243; _builder_version=&#8220;3.25&#8243;][et_pb_column type=&#8220;3_5&#8243; _builder_version=&#8220;3.25&#8243; custom_padding=&#8220;|||&#8220; custom_padding__hover=&#8220;|||&#8220;][et_pb_text admin_label=&#8220;Testo DE&#8220; _builder_version=&#8220;4.9.2&#8243; text_font=&#8220;||||||||&#8220; text_font_size=&#8220;16px&#8220; text_line_height=&#8220;2em&#8220; header_font=&#8220;||||||||&#8220; header_2_font=&#8220;Raleway|700|||||||&#8220; header_2_font_size=&#8220;50px&#8220; header_2_line_height=&#8220;1.2em&#8220; header_6_font=&#8220;Raleway|700||on|||||&#8220; header_6_font_size=&#8220;16px&#8220; header_6_letter_spacing=&#8220;5px&#8220; header_6_line_height=&#8220;1.2em&#8220; max_width=&#8220;700px&#8220; max_width_last_edited=&#8220;off|desktop&#8220; header_2_font_size_tablet=&#8220;35px&#8220; header_2_font_size_phone=&#8220;25px&#8220; header_2_font_size_last_edited=&#8220;on|phone&#8220;]<\/p>\n<p>Der Campingplatz verf\u00fcgt \u00fcber eine Struktur mit hochwertigen Toiletten die mit modernsten Systemen ausgestattet ist, die auf Energieeinsparung und Umweltschutz achten. Das Gas-Solarpanel-System versorgt den gesamten Serviceblock mit hei\u00dfem Wasser, der durch zeitgesteuerte Spender geregelt wird.<\/p>\n<p>Innerhalb der Struktur gibt es vier Toilettenbl\u00f6cke, von denen zwei beheizt sind. Es gibt gro\u00dfe und komfortable Duschkabinen, Toiletten, ein Badezimmer f\u00fcr Behinderte, freiliegende Waschbecken und Kabinen, die mit einem Waschbecken f\u00fcr mehr Privatsph\u00e4re ausgestattet sind, Wickeltische und Waschbecken f\u00fcr Kinder. Es gibt private beheizte Badezimmer mit Waschbecken, Dusche und WC.<\/p>\n<p>Die Struktur umfasst auch einen Bereich zum W\u00e4sche waschen mit Waschmaschinen und einem Trockner, einen Bereich zum Geschirrsp\u00fclen, eine chemische Toilette und einen Wohnmobilservice.<\/p>\n<p>[\/et_pb_text][\/et_pb_column][et_pb_column type=&#8220;2_5&#8243; _builder_version=&#8220;3.25&#8243; custom_padding=&#8220;|||&#8220; custom_padding__hover=&#8220;|||&#8220;][et_pb_text admin_label=&#8220;Haupteigenschaften&#8220; _builder_version=&#8220;4.9.2&#8243; header_4_font=&#8220;Raleway|700|||||||&#8220; header_4_font_size=&#8220;20px&#8220; header_4_line_height=&#8220;1.4em&#8220;]<\/p>\n<h4>Haupteigenschaften<\/h4>\n<p>Hier sind unsere Haupttoilettendienste<\/p>\n<ul>\n<li>Wohnmobil-Service<\/li>\n<li>Waschbereiche<\/li>\n<li>Gro\u00dfe R\u00e4ume<\/li>\n<li>Behindertengerechtes Badezimmer<\/li>\n<li>Wickeltisch<\/li>\n<\/ul>\n<p>[\/et_pb_text][\/et_pb_column][\/et_pb_row][et_pb_row column_structure=&#8220;1_4,1_4,1_4,1_4&#8243; _builder_version=&#8220;3.25&#8243; locked=&#8220;off&#8220;][et_pb_column type=&#8220;1_4&#8243; _builder_version=&#8220;3.25&#8243; custom_padding=&#8220;|||&#8220; custom_padding__hover=&#8220;|||&#8220;][et_pb_blurb title=&#8220;Camper-Service&#8220; image=&#8220;https:\/\/www.camping-bellavista.it\/wp-content\/uploads\/2020\/04\/si_26.jpg&#8220; admin_label=&#8220;Camper-Service&#8220; _builder_version=&#8220;4.9.2&#8243;]<\/p>\n<p class=\"heading-more\">Ein eigens daf\u00fcr vorgesehener gro\u00dfer Platz zur Auff\u00fcllung von Trinkwasser und Entleerung des Abwassertankes.<\/p>\n<p>[\/et_pb_blurb][et_pb_blurb title=&#8220;Behinderten-Bad &#8220; image=&#8220;https:\/\/www.camping-bellavista.it\/wp-content\/uploads\/2020\/04\/si_33.jpg&#8220; admin_label=&#8220;Behinderten-Bad &#8220; _builder_version=&#8220;4.9.2&#8243;]<\/p>\n<p class=\"heading-more\">Bequemes beheizbares Behinderten-Bad mit Dusche, WC, Waschbecken mit Spiegel und F\u00f6hn.<\/p>\n<p>[\/et_pb_blurb][et_pb_blurb title=&#8220;Wickel-Waschtisch&#8220; image=&#8220;https:\/\/www.camping-bellavista.it\/wp-content\/uploads\/2020\/04\/si_32.jpg&#8220; admin_label=&#8220;Wickel-Waschtisch&#8220; _builder_version=&#8220;4.9.2&#8243;]<\/p>\n<p class=\"heading-more\">Waschbecken mit Dusch-Wasserhahn in grossr\u00e4umiger Zone.<\/p>\n<p>[\/et_pb_blurb][\/et_pb_column][et_pb_column type=&#8220;1_4&#8243; _builder_version=&#8220;3.25&#8243; custom_padding=&#8220;|||&#8220; custom_padding__hover=&#8220;|||&#8220;][et_pb_blurb title=&#8220;W\u00e4scherei&#8220; image=&#8220;https:\/\/www.camping-bellavista.it\/wp-content\/uploads\/2020\/04\/si_28.jpg&#8220; admin_label=&#8220;W\u00e4scherei&#8220; _builder_version=&#8220;4.9.2&#8243; custom_padding=&#8220;||0px|||&#8220;]<\/p>\n<p class=\"heading-more\">4 W\u00e4sche-Waschbecken, 2 Miele-Waschmaschinen (mehrsprachige Anleitung) und 1 Miele-Trockner (mehrsprachige Anleitung) und die W\u00e4schest\u00e4nder-Zone.<\/p>\n<p>[\/et_pb_blurb][et_pb_blurb title=&#8220;Privatb\u00e4der&#8220; image=&#8220;https:\/\/www.camping-bellavista.it\/wp-content\/uploads\/2020\/04\/si_36.jpg&#8220; admin_label=&#8220;Privatb\u00e4der&#8220; _builder_version=&#8220;4.9.2&#8243;]<\/p>\n<p class=\"heading-more\">5 bequeme beheizbare B\u00e4der: WC, regelbare Dusche, Waschbecken mit Spiegel.<\/p>\n<div id=\"simple-translate\">\n<div>\n<div class=\"simple-translate-button isShow\" style=\"background-image: url('moz-extension:\/\/b9438036-dd2c-4ce5-b1c2-362b24d0b88e\/icons\/512.png'); height: 22px; width: 22px; top: 63px; left: 190px;\">&nbsp;<\/div>\n<div class=\"simple-translate-panel \" style=\"width: 300px; height: 200px; top: 0px; left: 0px; font-size: 13px; background-color: #ffffff;\">\n<div class=\"simple-translate-result-wrapper\" style=\"overflow: hidden;\">\n<div class=\"simple-translate-move\" draggable=\"true\">&nbsp;<\/div>\n<div class=\"simple-translate-result-contents\">\n<p class=\"simple-translate-result\" dir=\"auto\" style=\"color: #000000;\">&nbsp;<\/p>\n<p class=\"simple-translate-candidate\" dir=\"auto\" style=\"color: #737373;\">&nbsp;<\/p>\n<\/div>\n<\/div>\n<\/div>\n<\/div>\n<\/div>\n<p>[\/et_pb_blurb][\/et_pb_column][et_pb_column type=&#8220;1_4&#8243; _builder_version=&#8220;3.25&#8243; custom_padding=&#8220;|||&#8220; custom_padding__hover=&#8220;|||&#8220;][et_pb_blurb title=&#8220;Geschirrsp\u00fclraum&#8220; image=&#8220;https:\/\/www.camping-bellavista.it\/wp-content\/uploads\/2020\/04\/si_30.jpg&#8220; admin_label=&#8220;Geschirrsp\u00fclraum&#8220; _builder_version=&#8220;4.9.2&#8243;]<\/p>\n<p>8 in Keramik eingefasste Geschirrsp\u00fclbecken 4 gro\u00dfe Inox-Geschirrsp\u00fclbecken Warmwasserversorgung mittels Zeitsensoren.<\/p>\n<p>[\/et_pb_blurb][et_pb_blurb title=&#8220;Duschen&#8220; image=&#8220;https:\/\/www.camping-bellavista.it\/wp-content\/uploads\/2020\/04\/si_39.jpg&#8220; admin_label=&#8220;Duschen&#8220; _builder_version=&#8220;4.9.2&#8243;]<\/p>\n<p>14 ger\u00e4umige Duschen in Laminat mit abgetrennter Sitz und -Ablagefunktion.<\/p>\n<p>[\/et_pb_blurb][\/et_pb_column][et_pb_column type=&#8220;1_4&#8243; _builder_version=&#8220;4.4.3&#8243;][et_pb_blurb title=&#8220;Chemie-WC&#8220; image=&#8220;https:\/\/www.camping-bellavista.it\/wp-content\/uploads\/2020\/04\/si_42.jpg&#8220; admin_label=&#8220;Chemie-WC&#8220; _builder_version=&#8220;4.9.2&#8243;]<\/p>\n<p class=\"heading-more\">WC-Raum zur Entleerung von Schmutzwasser.<\/p>\n<p>[\/et_pb_blurb][et_pb_blurb title=&#8220;Waschbecken&#8220; image=&#8220;https:\/\/www.camping-bellavista.it\/wp-content\/uploads\/2020\/04\/si_41.jpg&#8220; admin_label=&#8220;Waschbecken&#8220; _builder_version=&#8220;4.9.2&#8243;]<\/p>\n<p>Mehrere verschlie\u00dfbare Waschbecken-Kabinen in Laminat. Die anderen Waschtisch-Zeilen sind in Corian gefertigt, 2 davon sind f\u00fcr Kinder abgesenkt.<\/p>\n<p>[\/et_pb_blurb][\/et_pb_column][\/et_pb_row][et_pb_row _builder_version=&#8220;3.25&#8243; background_size=&#8220;initial&#8220; background_position=&#8220;top_left&#8220; background_repeat=&#8220;repeat&#8220; custom_padding=&#8220;||0px|||&#8220;][et_pb_column type=&#8220;4_4&#8243; _builder_version=&#8220;3.25&#8243; custom_padding=&#8220;|||&#8220; custom_padding__hover=&#8220;|||&#8220;][et_pb_text admin_label=&#8220;Galleria&#8220; _builder_version=&#8220;4.4.3&#8243;]<\/p>\nngg_shortcode_0_placeholder\n<p>[\/et_pb_text][\/et_pb_column][\/et_pb_row][\/et_pb_section][et_pb_section fb_built=&#8220;1&#8243; admin_label=&#8220;Sport Alto Garda DE&#8220; _builder_version=&#8220;4.4.3&#8243; use_background_color_gradient=&#8220;on&#8220; background_color_gradient_start=&#8220;#2f3a44&#8243; background_color_gradient_end=&#8220;rgba(47,58,68,0.68)&#8220; background_color_gradient_direction=&#8220;150deg&#8220; background_color_gradient_start_position=&#8220;25%&#8220; background_color_gradient_overlays_image=&#8220;on&#8220; background_image=&#8220;https:\/\/www.camping-bellavista.it\/wp-content\/uploads\/2019\/03\/DSCN3677.jpg&#8220; global_module=&#8220;817&#8243; saved_tabs=&#8220;all&#8220;][et_pb_row _builder_version=&#8220;3.25&#8243; locked=&#8220;off&#8220;][et_pb_column type=&#8220;4_4&#8243; _builder_version=&#8220;3.25&#8243; custom_padding=&#8220;|||&#8220; custom_padding__hover=&#8220;|||&#8220;][et_pb_text admin_label=&#8220;sport &#8211; titolo&#8220; _builder_version=&#8220;4.9.2&#8243; text_font_size=&#8220;16px&#8220; text_line_height=&#8220;2em&#8220; header_2_font=&#8220;Raleway|700|||||||&#8220; header_2_font_size=&#8220;50px&#8220; header_2_line_height=&#8220;1.2em&#8220; header_6_font=&#8220;Raleway|700||on|||||&#8220; header_6_font_size=&#8220;16px&#8220; header_6_letter_spacing=&#8220;5px&#8220; header_6_line_height=&#8220;1.8em&#8220; background_layout=&#8220;dark&#8220; max_width=&#8220;800px&#8220; header_2_font_size_tablet=&#8220;35px&#8220; header_2_font_size_phone=&#8220;25px&#8220; header_2_font_size_last_edited=&#8220;on|phone&#8220;]<\/p>\n<h6>SPORTS<\/h6>\n<h2>Einige Sportarten des Garda Trentino<\/h2>\n<p>[\/et_pb_text][\/et_pb_column][\/et_pb_row][et_pb_row column_structure=&#8220;1_2,1_2&#8243; _builder_version=&#8220;3.25&#8243;][et_pb_column type=&#8220;1_2&#8243; _builder_version=&#8220;3.25&#8243; custom_padding=&#8220;|||&#8220; custom_padding__hover=&#8220;|||&#8220;][et_pb_testimonial portrait_url=&#8220;https:\/\/www.camping-bellavista.it\/wp-content\/uploads\/2019\/06\/090704130405-327.jpg&#8220; admin_label=&#8220;Segeln&#8220; _builder_version=&#8220;4.9.2&#8243; custom_margin_tablet=&#8220;|40px||40px||true&#8220; custom_margin_last_edited=&#8220;off|desktop&#8220; locked=&#8220;off&#8220;]<\/p>\n<h3>Segeln<\/h3>\n<p>[\/et_pb_testimonial][et_pb_testimonial portrait_url=&#8220;https:\/\/www.camping-bellavista.it\/wp-content\/uploads\/2021\/03\/AdobeStock_53916470-Grande.jpeg&#8220; admin_label=&#8220;E-bike&#8220; _builder_version=&#8220;4.9.0&#8243; custom_margin_tablet=&#8220;|40px||40px||true&#8220; custom_margin_last_edited=&#8220;off|desktop&#8220;]<\/p>\n<h3>E-Bike<\/h3>\n<p>[\/et_pb_testimonial][et_pb_testimonial portrait_url=&#8220;https:\/\/www.camping-bellavista.it\/wp-content\/uploads\/2019\/06\/Fotolia_22588519_S.jpg&#8220; admin_label=&#8220;Free Climbing&#8220; _builder_version=&#8220;4.9.2&#8243;]<\/p>\n<h3>Free Climbing<\/h3>\n<p>[\/et_pb_testimonial][et_pb_testimonial portrait_url=&#8220;https:\/\/www.camping-bellavista.it\/wp-content\/uploads\/2019\/06\/Fotolia_21342057_S.jpg&#8220; admin_label=&#8220;Mountain Bike&#8220; _builder_version=&#8220;3.20.2&#8243; custom_margin_tablet=&#8220;|40px||40px||true&#8220; custom_margin_last_edited=&#8220;off|desktop&#8220;]<\/p>\n<h3>Mountain Bike<\/h3>\n<p>[\/et_pb_testimonial][\/et_pb_column][et_pb_column type=&#8220;1_2&#8243; _builder_version=&#8220;3.25&#8243; custom_padding=&#8220;|||&#8220; custom_padding__hover=&#8220;|||&#8220;][et_pb_testimonial portrait_url=&#8220;https:\/\/www.camping-bellavista.it\/wp-content\/uploads\/2019\/06\/100626161956-0347-Edit.jpg&#8220; admin_label=&#8220;Windsurf&#8220; _builder_version=&#8220;3.20.2&#8243; custom_margin_tablet=&#8220;|40px||40px||true&#8220; custom_margin_last_edited=&#8220;off|desktop&#8220; locked=&#8220;off&#8220;]<\/p>\n<h3>Windsurf<\/h3>\n<p>[\/et_pb_testimonial][et_pb_testimonial portrait_url=&#8220;https:\/\/www.camping-bellavista.it\/wp-content\/uploads\/2019\/06\/Fotolia_25563731_S.jpg&#8220; admin_label=&#8220;Nordic Walking&#8220; _builder_version=&#8220;3.20.2&#8243; custom_margin_tablet=&#8220;|40px||40px||true&#8220; custom_margin_last_edited=&#8220;off|desktop&#8220;]<\/p>\n<h3>Nordic Walking<\/h3>\n<p>[\/et_pb_testimonial][et_pb_testimonial portrait_url=&#8220;https:\/\/www.camping-bellavista.it\/wp-content\/uploads\/2019\/06\/Fotolia_6692941_S.jpg&#8220; admin_label=&#8220;Gleitschirmfliegen&#8220; _builder_version=&#8220;4.9.2&#8243; custom_margin_tablet=&#8220;|40px||40px||true&#8220; custom_margin_last_edited=&#8220;off|desktop&#8220;]<\/p>\n<h3>Gleitschirmfliegen<\/h3>\n<div id=\"simple-translate\">\n<div>\n<div class=\"simple-translate-button isShow\" style=\"background-image: url('moz-extension:\/\/b9438036-dd2c-4ce5-b1c2-362b24d0b88e\/icons\/512.png'); height: 22px; width: 22px; top: 46px; left: -14px;\">&nbsp;<\/div>\n<div class=\"simple-translate-panel \" style=\"width: 300px; height: 200px; top: 0px; left: 0px; font-size: 13px; background-color: #ffffff;\">\n<div class=\"simple-translate-result-wrapper\" style=\"overflow: hidden;\">\n<div class=\"simple-translate-move\" draggable=\"true\">&nbsp;<\/div>\n<div class=\"simple-translate-result-contents\">\n<p class=\"simple-translate-result\" dir=\"auto\" style=\"color: #000000;\">&nbsp;<\/p>\n<p class=\"simple-translate-candidate\" dir=\"auto\" style=\"color: #737373;\">&nbsp;<\/p>\n<\/div>\n<\/div>\n<\/div>\n<\/div>\n<\/div>\n<p>[\/et_pb_testimonial][et_pb_testimonial portrait_url=&#8220;https:\/\/www.camping-bellavista.it\/wp-content\/uploads\/2019\/06\/Fotolia_3249763_S.jpg&#8220; admin_label=&#8220;Canyoning&#8220; _builder_version=&#8220;3.20.2&#8243; custom_margin_tablet=&#8220;|40px||40px||true&#8220; custom_margin_last_edited=&#8220;off|desktop&#8220;]<\/p>\n<h3>Canyoning<\/h3>\n<p>[\/et_pb_testimonial][\/et_pb_column][\/et_pb_row][\/et_pb_section]<\/p>\n","protected":false},"excerpt":{"rendered":"<p>Unsere Leistungen Waschr\u00e4ume u. Toiletten &nbsp; &nbsp; &nbsp; &nbsp; Unsere Leistungen Waschr\u00e4ume u. Toiletten Der Campingplatz verf\u00fcgt \u00fcber eine Struktur mit hochwertigen Toiletten die mit modernsten Systemen ausgestattet ist, die auf Energieeinsparung und Umweltschutz achten. Das Gas-Solarpanel-System versorgt den gesamten Serviceblock mit hei\u00dfem Wasser, der durch zeitgesteuerte Spender geregelt wird. Innerhalb der Struktur gibt es [&hellip;]<\/p>\n","protected":false},"author":2,"featured_media":0,"parent":0,"menu_order":200,"comment_status":"closed","ping_status":"closed","template":"","meta":{"_et_pb_use_builder":"on","_et_pb_old_content":"Nel 2006 abbiamo realizzato il nuovo blocco servizi.\r\n\r\nLa costruzione e l\u2019impiantistica sono all\u2019avanguardia e di alta qualit\u00e0.\r\n\r\nSono compresi il camper-service, la zona lavaggio biancheria, la zona lavaggio piatti, il wc-chimico, il fasciatoio, il bagno completo per disabili, i gabinetti, le docce, i lavandini e i bagni privati. Vi sono quattro blocchi di servizi igienici, di cui due riscaldati cos\u00ec come i bagni privati. Un ottimo impianto misto gas-pannelli solari fornisce acqua calda all\u2019intero blocco servizi. Un\u2019altrettanto innovativo ed automatico sistema di illuminazione completa l\u2019impiantistica.","_et_gb_content_width":"","ngg_post_thumbnail":0,"footnotes":""},"class_list":["post-999","page","type-page","status-publish","hentry"],"_links":{"self":[{"href":"https:\/\/www.camping-bellavista.it\/de\/wp-json\/wp\/v2\/pages\/999","targetHints":{"allow":["GET"]}}],"collection":[{"href":"https:\/\/www.camping-bellavista.it\/de\/wp-json\/wp\/v2\/pages"}],"about":[{"href":"https:\/\/www.camping-bellavista.it\/de\/wp-json\/wp\/v2\/types\/page"}],"author":[{"embeddable":true,"href":"https:\/\/www.camping-bellavista.it\/de\/wp-json\/wp\/v2\/users\/2"}],"replies":[{"embeddable":true,"href":"https:\/\/www.camping-bellavista.it\/de\/wp-json\/wp\/v2\/comments?post=999"}],"version-history":[{"count":15,"href":"https:\/\/www.camping-bellavista.it\/de\/wp-json\/wp\/v2\/pages\/999\/revisions"}],"predecessor-version":[{"id":1579,"href":"https:\/\/www.camping-bellavista.it\/de\/wp-json\/wp\/v2\/pages\/999\/revisions\/1579"}],"wp:attachment":[{"href":"https:\/\/www.camping-bellavista.it\/de\/wp-json\/wp\/v2\/media?parent=999"}],"curies":[{"name":"wp","href":"https:\/\/api.w.org\/{rel}","templated":true}]}}